{"id":521,"date":"2024-04-30T14:24:05","date_gmt":"2024-04-30T18:24:05","guid":{"rendered":"https:\/\/devinprogress.co\/onlyfreshfoods\/product\/black-lentils-gram-whole\/"},"modified":"2024-11-29T14:49:27","modified_gmt":"2024-11-29T19:49:27","slug":"black-lentils-gram-whole","status":"publish","type":"product","link":"https:\/\/www.onlyfreshfood.ca\/fr\/produit\/black-lentils-gram-whole\/","title":{"rendered":"Lentilles noires (enti\u00e8res)"},"content":{"rendered":"","protected":false},"excerpt":{"rendered":"<p>Les lentilles noires, ou urad dal, apportent leur go\u00fbt riche et fum\u00e9 au dal makhni et \u00e0 d'autres plats.<\/p>\n<p><strong>Formats disponibles :<\/strong> 2lb<span>\u00a0 \u2022\u00a0 4lb\u00a0 \u2022\u00a0 7lb<\/span><\/p>","protected":false},"featured_media":1097,"comment_status":"closed","ping_status":"closed","template":"","meta":{"inline_featured_image":false},"product_brand":[],"product_cat":[27],"product_tag":[],"class_list":{"0":"post-521","1":"product","2":"type-product","3":"status-publish","4":"has-post-thumbnail","6":"product_cat-lentils","8":"first","9":"instock","10":"product-type-simple"},"_links":{"self":[{"href":"https:\/\/www.onlyfreshfood.ca\/fr\/wp-json\/wp\/v2\/product\/521","targetHints":{"allow":["GET"]}}],"collection":[{"href":"https:\/\/www.onlyfreshfood.ca\/fr\/wp-json\/wp\/v2\/product"}],"about":[{"href":"https:\/\/www.onlyfreshfood.ca\/fr\/wp-json\/wp\/v2\/types\/product"}],"replies":[{"embeddable":true,"href":"https:\/\/www.onlyfreshfood.ca\/fr\/wp-json\/wp\/v2\/comments?post=521"}],"wp:featuredmedia":[{"embeddable":true,"href":"https:\/\/www.onlyfreshfood.ca\/fr\/wp-json\/wp\/v2\/media\/1097"}],"wp:attachment":[{"href":"https:\/\/www.onlyfreshfood.ca\/fr\/wp-json\/wp\/v2\/media?parent=521"}],"wp:term":[{"taxonomy":"product_brand","embeddable":true,"href":"https:\/\/www.onlyfreshfood.ca\/fr\/wp-json\/wp\/v2\/product_brand?post=521"},{"taxonomy":"product_cat","embeddable":true,"href":"https:\/\/www.onlyfreshfood.ca\/fr\/wp-json\/wp\/v2\/product_cat?post=521"},{"taxonomy":"product_tag","embeddable":true,"href":"https:\/\/www.onlyfreshfood.ca\/fr\/wp-json\/wp\/v2\/product_tag?post=521"}],"curies":[{"name":"wp","href":"https:\/\/api.w.org\/{rel}","templated":true}]}}