{"id":525,"date":"2024-04-30T14:24:05","date_gmt":"2024-04-30T18:24:05","guid":{"rendered":"https:\/\/devinprogress.co\/onlyfreshfoods\/product\/black-peppercorn-whole\/"},"modified":"2024-11-29T15:08:17","modified_gmt":"2024-11-29T20:08:17","slug":"black-peppercorn-whole","status":"publish","type":"product","link":"https:\/\/www.onlyfreshfood.ca\/fr\/produit\/black-peppercorn-whole\/","title":{"rendered":"Poivre noir entier"},"content":{"rendered":"","protected":false},"excerpt":{"rendered":"<p>R\u00e9put\u00e9 pour son go\u00fbt fruit\u00e9 et bois\u00e9, le poivre noir est plus ancien que le piment rouge en Inde.<\/p>\n<p><strong>Formats disponibles :<\/strong> 200g<span>\u00a0 \u2022\u00a0 400g\u00a0 \u2022\u00a0 800g<\/span><\/p>","protected":false},"featured_media":625,"comment_status":"closed","ping_status":"closed","template":"","meta":{"inline_featured_image":false},"product_brand":[],"product_cat":[30],"product_tag":[],"class_list":{"0":"post-525","1":"product","2":"type-product","3":"status-publish","4":"has-post-thumbnail","6":"product_cat-whole-spices","8":"first","9":"instock","10":"product-type-simple"},"_links":{"self":[{"href":"https:\/\/www.onlyfreshfood.ca\/fr\/wp-json\/wp\/v2\/product\/525","targetHints":{"allow":["GET"]}}],"collection":[{"href":"https:\/\/www.onlyfreshfood.ca\/fr\/wp-json\/wp\/v2\/product"}],"about":[{"href":"https:\/\/www.onlyfreshfood.ca\/fr\/wp-json\/wp\/v2\/types\/product"}],"replies":[{"embeddable":true,"href":"https:\/\/www.onlyfreshfood.ca\/fr\/wp-json\/wp\/v2\/comments?post=525"}],"wp:featuredmedia":[{"embeddable":true,"href":"https:\/\/www.onlyfreshfood.ca\/fr\/wp-json\/wp\/v2\/media\/625"}],"wp:attachment":[{"href":"https:\/\/www.onlyfreshfood.ca\/fr\/wp-json\/wp\/v2\/media?parent=525"}],"wp:term":[{"taxonomy":"product_brand","embeddable":true,"href":"https:\/\/www.onlyfreshfood.ca\/fr\/wp-json\/wp\/v2\/product_brand?post=525"},{"taxonomy":"product_cat","embeddable":true,"href":"https:\/\/www.onlyfreshfood.ca\/fr\/wp-json\/wp\/v2\/product_cat?post=525"},{"taxonomy":"product_tag","embeddable":true,"href":"https:\/\/www.onlyfreshfood.ca\/fr\/wp-json\/wp\/v2\/product_tag?post=525"}],"curies":[{"name":"wp","href":"https:\/\/api.w.org\/{rel}","templated":true}]}}