{"id":536,"date":"2024-04-30T14:24:11","date_gmt":"2024-04-30T18:24:11","guid":{"rendered":"https:\/\/devinprogress.co\/onlyfreshfoods\/product\/carom-seed\/"},"modified":"2024-11-29T15:07:08","modified_gmt":"2024-11-29T20:07:08","slug":"carom-seed","status":"publish","type":"product","link":"https:\/\/www.onlyfreshfood.ca\/fr\/produit\/carom-seed\/","title":{"rendered":"Graines de carambole"},"content":{"rendered":"","protected":false},"excerpt":{"rendered":"<p>L'ajwain (graine de carambole) a un go\u00fbt piquant et terreux qui s'int\u00e8gre parfaitement \u00e0 la p\u00e2te \u00e0 samosa et \u00e0 de nombreux autres plats.<\/p>\n<p><strong>Formats disponibles :<\/strong> 200g<span>\u00a0 \u2022\u00a0 400g\u00a0 \u2022\u00a0 800g<\/span><\/p>","protected":false},"featured_media":670,"comment_status":"closed","ping_status":"closed","template":"","meta":{"inline_featured_image":false},"product_brand":[],"product_cat":[30],"product_tag":[],"class_list":{"0":"post-536","1":"product","2":"type-product","3":"status-publish","4":"has-post-thumbnail","6":"product_cat-whole-spices","8":"first","9":"instock","10":"product-type-simple"},"_links":{"self":[{"href":"https:\/\/www.onlyfreshfood.ca\/fr\/wp-json\/wp\/v2\/product\/536","targetHints":{"allow":["GET"]}}],"collection":[{"href":"https:\/\/www.onlyfreshfood.ca\/fr\/wp-json\/wp\/v2\/product"}],"about":[{"href":"https:\/\/www.onlyfreshfood.ca\/fr\/wp-json\/wp\/v2\/types\/product"}],"replies":[{"embeddable":true,"href":"https:\/\/www.onlyfreshfood.ca\/fr\/wp-json\/wp\/v2\/comments?post=536"}],"wp:featuredmedia":[{"embeddable":true,"href":"https:\/\/www.onlyfreshfood.ca\/fr\/wp-json\/wp\/v2\/media\/670"}],"wp:attachment":[{"href":"https:\/\/www.onlyfreshfood.ca\/fr\/wp-json\/wp\/v2\/media?parent=536"}],"wp:term":[{"taxonomy":"product_brand","embeddable":true,"href":"https:\/\/www.onlyfreshfood.ca\/fr\/wp-json\/wp\/v2\/product_brand?post=536"},{"taxonomy":"product_cat","embeddable":true,"href":"https:\/\/www.onlyfreshfood.ca\/fr\/wp-json\/wp\/v2\/product_cat?post=536"},{"taxonomy":"product_tag","embeddable":true,"href":"https:\/\/www.onlyfreshfood.ca\/fr\/wp-json\/wp\/v2\/product_tag?post=536"}],"curies":[{"name":"wp","href":"https:\/\/api.w.org\/{rel}","templated":true}]}}