{"id":538,"date":"2024-04-30T14:24:11","date_gmt":"2024-04-30T18:24:11","guid":{"rendered":"https:\/\/devinprogress.co\/onlyfreshfoods\/product\/chickpea-gram-flour\/"},"modified":"2025-04-02T16:33:51","modified_gmt":"2025-04-02T20:33:51","slug":"chickpea-gram-flour","status":"publish","type":"product","link":"https:\/\/www.onlyfreshfood.ca\/fr\/produit\/chickpea-gram-flour\/","title":{"rendered":"Farine de pois chiches"},"content":{"rendered":"","protected":false},"excerpt":{"rendered":"<p>Cette farine savoureuse, fabriqu\u00e9e \u00e0 partir de chana dal moulu, peut \u00eatre utilis\u00e9e d\u2019innombrables fa\u00e7ons.<\/p>\n<p><strong>Formats disponibles :<\/strong> 2<span>lbs\u00a0 \u2022\u00a0 4lbs\u00a0 \u2022\u00a0 8lbs \u2022 31lbs<\/span><\/p>","protected":false},"featured_media":666,"comment_status":"closed","ping_status":"closed","template":"","meta":{"inline_featured_image":false},"product_brand":[],"product_cat":[31],"product_tag":[],"class_list":{"0":"post-538","1":"product","2":"type-product","3":"status-publish","4":"has-post-thumbnail","6":"product_cat-flours","8":"first","9":"instock","10":"product-type-simple"},"_links":{"self":[{"href":"https:\/\/www.onlyfreshfood.ca\/fr\/wp-json\/wp\/v2\/product\/538","targetHints":{"allow":["GET"]}}],"collection":[{"href":"https:\/\/www.onlyfreshfood.ca\/fr\/wp-json\/wp\/v2\/product"}],"about":[{"href":"https:\/\/www.onlyfreshfood.ca\/fr\/wp-json\/wp\/v2\/types\/product"}],"replies":[{"embeddable":true,"href":"https:\/\/www.onlyfreshfood.ca\/fr\/wp-json\/wp\/v2\/comments?post=538"}],"wp:featuredmedia":[{"embeddable":true,"href":"https:\/\/www.onlyfreshfood.ca\/fr\/wp-json\/wp\/v2\/media\/666"}],"wp:attachment":[{"href":"https:\/\/www.onlyfreshfood.ca\/fr\/wp-json\/wp\/v2\/media?parent=538"}],"wp:term":[{"taxonomy":"product_brand","embeddable":true,"href":"https:\/\/www.onlyfreshfood.ca\/fr\/wp-json\/wp\/v2\/product_brand?post=538"},{"taxonomy":"product_cat","embeddable":true,"href":"https:\/\/www.onlyfreshfood.ca\/fr\/wp-json\/wp\/v2\/product_cat?post=538"},{"taxonomy":"product_tag","embeddable":true,"href":"https:\/\/www.onlyfreshfood.ca\/fr\/wp-json\/wp\/v2\/product_tag?post=538"}],"curies":[{"name":"wp","href":"https:\/\/api.w.org\/{rel}","templated":true}]}}