{"id":548,"date":"2024-04-30T14:24:11","date_gmt":"2024-04-30T18:24:11","guid":{"rendered":"https:\/\/devinprogress.co\/onlyfreshfoods\/product\/coriander-seed-whole\/"},"modified":"2024-11-29T15:07:21","modified_gmt":"2024-11-29T20:07:21","slug":"coriander-seed-whole","status":"publish","type":"product","link":"https:\/\/www.onlyfreshfood.ca\/fr\/produit\/coriander-seed-whole\/","title":{"rendered":"Graines de coriandre (enti\u00e8res)"},"content":{"rendered":"","protected":false},"excerpt":{"rendered":"<p>La saveur citronn\u00e9e et bois\u00e9e de la coriandre est essentielle dans la cuisine indienne.<\/p>\n<p><strong>Formats disponibles :<\/strong> 200g<span>\u00a0 \u2022\u00a0 400g\u00a0 \u2022\u00a0 800g<\/span><\/p>","protected":false},"featured_media":645,"comment_status":"closed","ping_status":"closed","template":"","meta":{"inline_featured_image":false},"product_brand":[],"product_cat":[30],"product_tag":[],"class_list":{"0":"post-548","1":"product","2":"type-product","3":"status-publish","4":"has-post-thumbnail","6":"product_cat-whole-spices","8":"first","9":"instock","10":"product-type-simple"},"_links":{"self":[{"href":"https:\/\/www.onlyfreshfood.ca\/fr\/wp-json\/wp\/v2\/product\/548","targetHints":{"allow":["GET"]}}],"collection":[{"href":"https:\/\/www.onlyfreshfood.ca\/fr\/wp-json\/wp\/v2\/product"}],"about":[{"href":"https:\/\/www.onlyfreshfood.ca\/fr\/wp-json\/wp\/v2\/types\/product"}],"replies":[{"embeddable":true,"href":"https:\/\/www.onlyfreshfood.ca\/fr\/wp-json\/wp\/v2\/comments?post=548"}],"wp:featuredmedia":[{"embeddable":true,"href":"https:\/\/www.onlyfreshfood.ca\/fr\/wp-json\/wp\/v2\/media\/645"}],"wp:attachment":[{"href":"https:\/\/www.onlyfreshfood.ca\/fr\/wp-json\/wp\/v2\/media?parent=548"}],"wp:term":[{"taxonomy":"product_brand","embeddable":true,"href":"https:\/\/www.onlyfreshfood.ca\/fr\/wp-json\/wp\/v2\/product_brand?post=548"},{"taxonomy":"product_cat","embeddable":true,"href":"https:\/\/www.onlyfreshfood.ca\/fr\/wp-json\/wp\/v2\/product_cat?post=548"},{"taxonomy":"product_tag","embeddable":true,"href":"https:\/\/www.onlyfreshfood.ca\/fr\/wp-json\/wp\/v2\/product_tag?post=548"}],"curies":[{"name":"wp","href":"https:\/\/api.w.org\/{rel}","templated":true}]}}