{"id":559,"date":"2024-04-30T14:30:35","date_gmt":"2024-04-30T18:30:35","guid":{"rendered":"https:\/\/devinprogress.co\/onlyfreshfoods\/product\/fenugreek-seed-whole\/"},"modified":"2024-11-29T14:56:30","modified_gmt":"2024-11-29T19:56:30","slug":"fenugreek-seed-whole","status":"publish","type":"product","link":"https:\/\/www.onlyfreshfood.ca\/fr\/produit\/fenugreek-seed-whole\/","title":{"rendered":"Graines de fenugrec (enti\u00e8res)"},"content":{"rendered":"","protected":false},"excerpt":{"rendered":"<p>Les graines de fenugrec ont une qualit\u00e9 l\u00e9g\u00e8rement am\u00e8re qui rehausse la saveur de l'aubergine ou des pommes de terre.<\/p>\n<p><strong>Formats disponibles :<\/strong> 200g<span>\u00a0 \u2022\u00a0 400g\u00a0 \u2022\u00a0 800g<\/span><\/p>","protected":false},"featured_media":1093,"comment_status":"closed","ping_status":"closed","template":"","meta":{"inline_featured_image":false},"product_brand":[],"product_cat":[30],"product_tag":[],"class_list":{"0":"post-559","1":"product","2":"type-product","3":"status-publish","4":"has-post-thumbnail","6":"product_cat-whole-spices","8":"first","9":"instock","10":"product-type-simple"},"_links":{"self":[{"href":"https:\/\/www.onlyfreshfood.ca\/fr\/wp-json\/wp\/v2\/product\/559","targetHints":{"allow":["GET"]}}],"collection":[{"href":"https:\/\/www.onlyfreshfood.ca\/fr\/wp-json\/wp\/v2\/product"}],"about":[{"href":"https:\/\/www.onlyfreshfood.ca\/fr\/wp-json\/wp\/v2\/types\/product"}],"replies":[{"embeddable":true,"href":"https:\/\/www.onlyfreshfood.ca\/fr\/wp-json\/wp\/v2\/comments?post=559"}],"wp:featuredmedia":[{"embeddable":true,"href":"https:\/\/www.onlyfreshfood.ca\/fr\/wp-json\/wp\/v2\/media\/1093"}],"wp:attachment":[{"href":"https:\/\/www.onlyfreshfood.ca\/fr\/wp-json\/wp\/v2\/media?parent=559"}],"wp:term":[{"taxonomy":"product_brand","embeddable":true,"href":"https:\/\/www.onlyfreshfood.ca\/fr\/wp-json\/wp\/v2\/product_brand?post=559"},{"taxonomy":"product_cat","embeddable":true,"href":"https:\/\/www.onlyfreshfood.ca\/fr\/wp-json\/wp\/v2\/product_cat?post=559"},{"taxonomy":"product_tag","embeddable":true,"href":"https:\/\/www.onlyfreshfood.ca\/fr\/wp-json\/wp\/v2\/product_tag?post=559"}],"curies":[{"name":"wp","href":"https:\/\/api.w.org\/{rel}","templated":true}]}}