{"id":578,"date":"2024-04-30T14:30:42","date_gmt":"2024-04-30T18:30:42","guid":{"rendered":"https:\/\/devinprogress.co\/onlyfreshfoods\/product\/mustard-seeds-yellow\/"},"modified":"2024-05-24T16:31:17","modified_gmt":"2024-05-24T20:31:17","slug":"mustard-seeds-yellow","status":"publish","type":"product","link":"https:\/\/www.onlyfreshfood.ca\/fr\/produit\/mustard-seeds-yellow\/","title":{"rendered":"Graines de moutarde (jaunes)"},"content":{"rendered":"","protected":false},"excerpt":{"rendered":"<p>Les graines de moutarde conf\u00e8rent une saveur grill\u00e9e merveilleuse \u00e0 de nombreux plats indiens.<\/p>","protected":false},"featured_media":716,"comment_status":"closed","ping_status":"closed","template":"","meta":{"inline_featured_image":false},"product_brand":[],"product_cat":[30],"product_tag":[],"class_list":{"0":"post-578","1":"product","2":"type-product","3":"status-publish","4":"has-post-thumbnail","6":"product_cat-whole-spices","8":"first","9":"instock","10":"product-type-simple"},"_links":{"self":[{"href":"https:\/\/www.onlyfreshfood.ca\/fr\/wp-json\/wp\/v2\/product\/578","targetHints":{"allow":["GET"]}}],"collection":[{"href":"https:\/\/www.onlyfreshfood.ca\/fr\/wp-json\/wp\/v2\/product"}],"about":[{"href":"https:\/\/www.onlyfreshfood.ca\/fr\/wp-json\/wp\/v2\/types\/product"}],"replies":[{"embeddable":true,"href":"https:\/\/www.onlyfreshfood.ca\/fr\/wp-json\/wp\/v2\/comments?post=578"}],"wp:featuredmedia":[{"embeddable":true,"href":"https:\/\/www.onlyfreshfood.ca\/fr\/wp-json\/wp\/v2\/media\/716"}],"wp:attachment":[{"href":"https:\/\/www.onlyfreshfood.ca\/fr\/wp-json\/wp\/v2\/media?parent=578"}],"wp:term":[{"taxonomy":"product_brand","embeddable":true,"href":"https:\/\/www.onlyfreshfood.ca\/fr\/wp-json\/wp\/v2\/product_brand?post=578"},{"taxonomy":"product_cat","embeddable":true,"href":"https:\/\/www.onlyfreshfood.ca\/fr\/wp-json\/wp\/v2\/product_cat?post=578"},{"taxonomy":"product_tag","embeddable":true,"href":"https:\/\/www.onlyfreshfood.ca\/fr\/wp-json\/wp\/v2\/product_tag?post=578"}],"curies":[{"name":"wp","href":"https:\/\/api.w.org\/{rel}","templated":true}]}}