{"id":589,"date":"2024-04-30T14:30:46","date_gmt":"2024-04-30T18:30:46","guid":{"rendered":"https:\/\/devinprogress.co\/onlyfreshfoods\/product\/ragi-flour\/"},"modified":"2025-04-07T13:03:46","modified_gmt":"2025-04-07T17:03:46","slug":"ragi-flour","status":"publish","type":"product","link":"https:\/\/www.onlyfreshfood.ca\/fr\/produit\/ragi-flour\/","title":{"rendered":"Farine de ragi"},"content":{"rendered":"","protected":false},"excerpt":{"rendered":"<p>La farine de ragi, fabriqu\u00e9e \u00e0 partir d'\u00e9leusine, est un superaliment en Inde depuis des si\u00e8cles.<\/p>\n<p><strong>Formats disponibles :<\/strong> 2<span>lb\u00a0 \u2022\u00a0 4lb\u00a0 \u2022\u00a0 8lb<\/span><\/p>","protected":false},"featured_media":708,"comment_status":"closed","ping_status":"closed","template":"","meta":{"inline_featured_image":false},"product_brand":[],"product_cat":[31],"product_tag":[],"class_list":{"0":"post-589","1":"product","2":"type-product","3":"status-publish","4":"has-post-thumbnail","6":"product_cat-flours","8":"first","9":"instock","10":"product-type-simple"},"_links":{"self":[{"href":"https:\/\/www.onlyfreshfood.ca\/fr\/wp-json\/wp\/v2\/product\/589","targetHints":{"allow":["GET"]}}],"collection":[{"href":"https:\/\/www.onlyfreshfood.ca\/fr\/wp-json\/wp\/v2\/product"}],"about":[{"href":"https:\/\/www.onlyfreshfood.ca\/fr\/wp-json\/wp\/v2\/types\/product"}],"replies":[{"embeddable":true,"href":"https:\/\/www.onlyfreshfood.ca\/fr\/wp-json\/wp\/v2\/comments?post=589"}],"wp:featuredmedia":[{"embeddable":true,"href":"https:\/\/www.onlyfreshfood.ca\/fr\/wp-json\/wp\/v2\/media\/708"}],"wp:attachment":[{"href":"https:\/\/www.onlyfreshfood.ca\/fr\/wp-json\/wp\/v2\/media?parent=589"}],"wp:term":[{"taxonomy":"product_brand","embeddable":true,"href":"https:\/\/www.onlyfreshfood.ca\/fr\/wp-json\/wp\/v2\/product_brand?post=589"},{"taxonomy":"product_cat","embeddable":true,"href":"https:\/\/www.onlyfreshfood.ca\/fr\/wp-json\/wp\/v2\/product_cat?post=589"},{"taxonomy":"product_tag","embeddable":true,"href":"https:\/\/www.onlyfreshfood.ca\/fr\/wp-json\/wp\/v2\/product_tag?post=589"}],"curies":[{"name":"wp","href":"https:\/\/api.w.org\/{rel}","templated":true}]}}